{"id":1539,"date":"2025-09-18T11:32:52","date_gmt":"2025-09-18T10:32:52","guid":{"rendered":"https:\/\/venalfisio.com\/?page_id=1539"},"modified":"2025-12-17T12:56:22","modified_gmt":"2025-12-17T12:56:22","slug":"quiromasaje","status":"publish","type":"page","link":"https:\/\/venalfisio.com\/en\/quiromasaje\/","title":{"rendered":"Chiromassage"},"content":{"rendered":"<div data-elementor-type=\"wp-page\" data-elementor-id=\"1539\" class=\"elementor elementor-1539\" data-elementor-post-type=\"page\">\n\t\t\t\t<div class=\"elementor-element elementor-element-3ebf475 e-flex e-con-boxed e-con e-parent\" data-id=\"3ebf475\" data-element_type=\"container\" data-e-type=\"container\" data-settings=\"{&quot;background_background&quot;:&quot;classic&quot;}\">\n\t\t\t\t\t<div class=\"e-con-inner\">\n\t\t<div class=\"elementor-element elementor-element-71f8ce6 e-con-full e-flex e-con e-child\" data-id=\"71f8ce6\" data-element_type=\"container\" data-e-type=\"container\">\n\t\t\t\t<div class=\"elementor-element elementor-element-e5ee36d elementor-widget elementor-widget-heading\" data-id=\"e5ee36d\" data-element_type=\"widget\" data-e-type=\"widget\" data-widget_type=\"heading.default\">\n\t\t\t\t<div class=\"elementor-widget-container\">\n\t\t\t\t\t<div class=\"elementor-heading-title elementor-size-default\">Chiromassage<\/div>\t\t\t\t<\/div>\n\t\t\t\t<\/div>\n\t\t\t\t<div class=\"elementor-element elementor-element-520d858 elementor-widget elementor-widget-text-editor\" data-id=\"520d858\" data-element_type=\"widget\" data-e-type=\"widget\" data-widget_type=\"text-editor.default\">\n\t\t\t\t<div class=\"elementor-widget-container\">\n\t\t\t\t\t\t\t\t\t<p>El <strong data-start=\"2682\" data-end=\"2697\">quiromasaje<\/strong> es una t\u00e9cnica de masaje terap\u00e9utico que utiliza movimientos manuales para aliviar tensiones, mejorar la circulaci\u00f3n y proporcionar un estado de relajaci\u00f3n profunda.<\/p>\t\t\t\t\t\t\t\t<\/div>\n\t\t\t\t<\/div>\n\t\t\t\t<\/div>\n\t\t\t\t\t<\/div>\n\t\t\t\t<\/div>\n\t\t<div class=\"elementor-element elementor-element-24c1066 e-flex e-con-boxed e-con e-parent\" data-id=\"24c1066\" data-element_type=\"container\" data-e-type=\"container\">\n\t\t\t\t\t<div class=\"e-con-inner\">\n\t\t\t\t<div class=\"elementor-element elementor-element-50d5fdf elementor-widget elementor-widget-heading\" data-id=\"50d5fdf\" data-element_type=\"widget\" data-e-type=\"widget\" data-widget_type=\"heading.default\">\n\t\t\t\t<div class=\"elementor-widget-container\">\n\t\t\t\t\t<h2 class=\"elementor-heading-title elementor-size-default\">Masajes especializados que ofrecemos<\/h2>\t\t\t\t<\/div>\n\t\t\t\t<\/div>\n\t\t<div class=\"elementor-element elementor-element-2bb929f e-con-full e-flex e-con e-child\" data-id=\"2bb929f\" data-element_type=\"container\" data-e-type=\"container\">\n\t\t\t\t<div class=\"elementor-element elementor-element-b728ec7 elementor-widget elementor-widget-image\" data-id=\"b728ec7\" data-element_type=\"widget\" data-e-type=\"widget\" data-widget_type=\"image.default\">\n\t\t\t\t<div class=\"elementor-widget-container\">\n\t\t\t\t\t\t\t\t\t\t\t\t\t\t\t\t<a href=\"https:\/\/venalfisio.com\/wp-content\/uploads\/2025\/10\/VELOTER.APIA_.jpg\" data-elementor-open-lightbox=\"yes\" data-elementor-lightbox-title=\"VELOTER.APIA\" data-e-action-hash=\"#elementor-action%3Aaction%3Dlightbox%26settings%3DeyJpZCI6MTc0MywidXJsIjoiaHR0cHM6XC9cL3ZlbmFsZmlzaW8uY29tXC93cC1jb250ZW50XC91cGxvYWRzXC8yMDI1XC8xMFwvVkVMT1RFUi5BUElBXy5qcGcifQ%3D%3D\">\n\t\t\t\t\t\t\t<img fetchpriority=\"high\" decoding=\"async\" width=\"800\" height=\"800\" src=\"https:\/\/venalfisio.com\/wp-content\/uploads\/2025\/10\/VELOTER.APIA_-1024x1024.jpg\" class=\"attachment-large size-large wp-image-1743\" alt=\"\" srcset=\"https:\/\/venalfisio.com\/wp-content\/uploads\/2025\/10\/VELOTER.APIA_-1024x1024.jpg 1024w, https:\/\/venalfisio.com\/wp-content\/uploads\/2025\/10\/VELOTER.APIA_-300x300.jpg 300w, https:\/\/venalfisio.com\/wp-content\/uploads\/2025\/10\/VELOTER.APIA_-150x150.jpg 150w, https:\/\/venalfisio.com\/wp-content\/uploads\/2025\/10\/VELOTER.APIA_-768x768.jpg 768w, https:\/\/venalfisio.com\/wp-content\/uploads\/2025\/10\/VELOTER.APIA_-1536x1536.jpg 1536w, https:\/\/venalfisio.com\/wp-content\/uploads\/2025\/10\/VELOTER.APIA_-12x12.jpg 12w, https:\/\/venalfisio.com\/wp-content\/uploads\/2025\/10\/VELOTER.APIA_.jpg 1920w\" sizes=\"(max-width: 800px) 100vw, 800px\" title=\"\">\t\t\t\t\t\t\t\t<\/a>\n\t\t\t\t\t\t\t\t\t\t\t\t\t\t\t<\/div>\n\t\t\t\t<\/div>\n\t\t<div class=\"elementor-element elementor-element-9458121 e-con-full e-flex e-con e-child\" data-id=\"9458121\" data-element_type=\"container\" data-e-type=\"container\" data-settings=\"{&quot;background_background&quot;:&quot;classic&quot;}\">\n\t\t<div class=\"elementor-element elementor-element-ef0f17c e-con-full e-flex e-con e-child\" data-id=\"ef0f17c\" data-element_type=\"container\" data-e-type=\"container\">\n\t\t\t\t<div class=\"elementor-element elementor-element-81cae63 elementor-widget elementor-widget-text-editor\" data-id=\"81cae63\" data-element_type=\"widget\" data-e-type=\"widget\" data-widget_type=\"text-editor.default\">\n\t\t\t\t<div class=\"elementor-widget-container\">\n\t\t\t\t\t\t\t\t\t<h4 data-start=\"2935\" data-end=\"2974\"><strong data-start=\"2940\" data-end=\"2974\">Masaje Relajante \/ Veloterapia \/ Piedras Calientes<\/strong><\/h4><p data-start=\"2975\" data-end=\"3261\">El <strong data-start=\"2978\" data-end=\"2998\">masaje relajante<\/strong> se enfoca en reducir el estr\u00e9s y la ansiedad, utilizando movimientos suaves y fluidos para calmar el cuerpo y la mente. La <strong data-start=\"3122\" data-end=\"3137\">veloterapia<\/strong> es un masaje utilizando la energ\u00eda de las mismas velas, lo que proporciona una relajaci\u00f3n a\u00fan m\u00e1s profunda. Se puede complementar este tratamiento con <strong>piedras calientes<\/strong> o velas especiales para el cuerpo, aumentando as\u00ed el nivel de relajaci\u00f3n y bienestar de la persona .<\/p>\t\t\t\t\t\t\t\t<\/div>\n\t\t\t\t<\/div>\n\t\t<div class=\"elementor-element elementor-element-dc2b556 e-con-full e-flex e-con e-child\" data-id=\"dc2b556\" data-element_type=\"container\" data-e-type=\"container\">\n\t\t\t\t<div class=\"elementor-element elementor-element-d293a51 elementor-widget elementor-widget-text-editor\" data-id=\"d293a51\" data-element_type=\"widget\" data-e-type=\"widget\" data-widget_type=\"text-editor.default\">\n\t\t\t\t<div class=\"elementor-widget-container\">\n\t\t\t\t\t\t\t\t\t<p data-start=\"952\" data-end=\"967\"><strong>Beneficios:<\/strong><\/p><ul><li data-start=\"3281\" data-end=\"3301\">Reducci\u00f3n del estr\u00e9s<\/li><li data-start=\"3304\" data-end=\"3332\">Mejora del bienestar general<\/li><li data-start=\"3335\" data-end=\"3354\">Relajaci\u00f3n profunda<\/li><\/ul>\t\t\t\t\t\t\t\t<\/div>\n\t\t\t\t<\/div>\n\t\t\t\t<\/div>\n\t\t\t\t<\/div>\n\t\t\t\t<\/div>\n\t\t\t\t<\/div>\n\t\t<div class=\"elementor-element elementor-element-17f278f e-con-full e-flex e-con e-child\" data-id=\"17f278f\" data-element_type=\"container\" data-e-type=\"container\">\n\t\t\t\t<div class=\"elementor-element elementor-element-8385c05 elementor-widget elementor-widget-image\" data-id=\"8385c05\" data-element_type=\"widget\" data-e-type=\"widget\" data-widget_type=\"image.default\">\n\t\t\t\t<div class=\"elementor-widget-container\">\n\t\t\t\t\t\t\t\t\t\t\t\t\t\t\t<img decoding=\"async\" width=\"800\" height=\"800\" src=\"https:\/\/venalfisio.com\/wp-content\/uploads\/2025\/10\/FOTO-FINAL-CONTACTO-1024x1024.jpg\" class=\"attachment-large size-large wp-image-1745\" alt=\"\" srcset=\"https:\/\/venalfisio.com\/wp-content\/uploads\/2025\/10\/FOTO-FINAL-CONTACTO-1024x1024.jpg 1024w, https:\/\/venalfisio.com\/wp-content\/uploads\/2025\/10\/FOTO-FINAL-CONTACTO-300x300.jpg 300w, https:\/\/venalfisio.com\/wp-content\/uploads\/2025\/10\/FOTO-FINAL-CONTACTO-150x150.jpg 150w, https:\/\/venalfisio.com\/wp-content\/uploads\/2025\/10\/FOTO-FINAL-CONTACTO-768x768.jpg 768w, https:\/\/venalfisio.com\/wp-content\/uploads\/2025\/10\/FOTO-FINAL-CONTACTO-1536x1536.jpg 1536w, https:\/\/venalfisio.com\/wp-content\/uploads\/2025\/10\/FOTO-FINAL-CONTACTO-12x12.jpg 12w, https:\/\/venalfisio.com\/wp-content\/uploads\/2025\/10\/FOTO-FINAL-CONTACTO.jpg 1920w\" sizes=\"(max-width: 800px) 100vw, 800px\" title=\"\">\t\t\t\t\t\t\t\t\t\t\t\t\t\t\t<\/div>\n\t\t\t\t<\/div>\n\t\t<div class=\"elementor-element elementor-element-63237fe e-con-full e-flex e-con e-child\" data-id=\"63237fe\" data-element_type=\"container\" data-e-type=\"container\" data-settings=\"{&quot;background_background&quot;:&quot;classic&quot;}\">\n\t\t<div class=\"elementor-element elementor-element-5b86ae9 e-con-full e-flex e-con e-child\" data-id=\"5b86ae9\" data-element_type=\"container\" data-e-type=\"container\">\n\t\t\t\t<div class=\"elementor-element elementor-element-de548b8 elementor-widget elementor-widget-text-editor\" data-id=\"de548b8\" data-element_type=\"widget\" data-e-type=\"widget\" data-widget_type=\"text-editor.default\">\n\t\t\t\t<div class=\"elementor-widget-container\">\n\t\t\t\t\t\t\t\t\t<h4 data-start=\"3356\" data-end=\"3378\"><strong data-start=\"3361\" data-end=\"3378\">Maderoterapia<\/strong><\/h4><p data-start=\"3379\" data-end=\"3581\">La <strong data-start=\"3382\" data-end=\"3399\">maderoterapia<\/strong> utiliza herramientas de madera para masajear y estimular la piel y los m\u00fasculos. Este tratamiento ayuda a mejorar la elasticidad de la piel, eliminar toxinas y reducir la celulitis.<\/p>\t\t\t\t\t\t\t\t<\/div>\n\t\t\t\t<\/div>\n\t\t<div class=\"elementor-element elementor-element-6711e1c e-con-full e-flex e-con e-child\" data-id=\"6711e1c\" data-element_type=\"container\" data-e-type=\"container\">\n\t\t\t\t<div class=\"elementor-element elementor-element-198e514 elementor-widget elementor-widget-text-editor\" data-id=\"198e514\" data-element_type=\"widget\" data-e-type=\"widget\" data-widget_type=\"text-editor.default\">\n\t\t\t\t<div class=\"elementor-widget-container\">\n\t\t\t\t\t\t\t\t\t<p><strong data-start=\"3583\" data-end=\"3598\">Beneficios:<\/strong><\/p><ul><li data-start=\"3601\" data-end=\"3626\">Reducci\u00f3n de la celulitis<\/li><li data-start=\"3629\" data-end=\"3660\">Mejora de la firmeza de la piel<\/li><li>Estimulaci\u00f3n de la circulaci\u00f3n<\/li><\/ul>\t\t\t\t\t\t\t\t<\/div>\n\t\t\t\t<\/div>\n\t\t\t\t<\/div>\n\t\t\t\t<\/div>\n\t\t\t\t<\/div>\n\t\t\t\t<\/div>\n\t\t<div class=\"elementor-element elementor-element-bb38422 e-con-full e-flex e-con e-child\" data-id=\"bb38422\" data-element_type=\"container\" data-e-type=\"container\">\n\t\t\t\t<div class=\"elementor-element elementor-element-6694522 elementor-widget elementor-widget-image\" data-id=\"6694522\" data-element_type=\"widget\" data-e-type=\"widget\" data-widget_type=\"image.default\">\n\t\t\t\t<div class=\"elementor-widget-container\">\n\t\t\t\t\t\t\t\t\t\t\t\t\t\t\t<img decoding=\"async\" width=\"800\" height=\"800\" src=\"https:\/\/venalfisio.com\/wp-content\/uploads\/2025\/10\/VENTOSAS-2-1024x1024.jpg\" class=\"attachment-large size-large wp-image-1815\" alt=\"\" srcset=\"https:\/\/venalfisio.com\/wp-content\/uploads\/2025\/10\/VENTOSAS-2-1024x1024.jpg 1024w, https:\/\/venalfisio.com\/wp-content\/uploads\/2025\/10\/VENTOSAS-2-300x300.jpg 300w, https:\/\/venalfisio.com\/wp-content\/uploads\/2025\/10\/VENTOSAS-2-150x150.jpg 150w, https:\/\/venalfisio.com\/wp-content\/uploads\/2025\/10\/VENTOSAS-2-768x768.jpg 768w, https:\/\/venalfisio.com\/wp-content\/uploads\/2025\/10\/VENTOSAS-2-1536x1536.jpg 1536w, https:\/\/venalfisio.com\/wp-content\/uploads\/2025\/10\/VENTOSAS-2-12x12.jpg 12w, https:\/\/venalfisio.com\/wp-content\/uploads\/2025\/10\/VENTOSAS-2.jpg 1920w\" sizes=\"(max-width: 800px) 100vw, 800px\" title=\"\">\t\t\t\t\t\t\t\t\t\t\t\t\t\t\t<\/div>\n\t\t\t\t<\/div>\n\t\t<div class=\"elementor-element elementor-element-3e7fcfc e-con-full e-flex e-con e-child\" data-id=\"3e7fcfc\" data-element_type=\"container\" data-e-type=\"container\" data-settings=\"{&quot;background_background&quot;:&quot;classic&quot;}\">\n\t\t<div class=\"elementor-element elementor-element-36f3bea e-con-full e-flex e-con e-child\" data-id=\"36f3bea\" data-element_type=\"container\" data-e-type=\"container\">\n\t\t\t\t<div class=\"elementor-element elementor-element-df558ce elementor-widget elementor-widget-text-editor\" data-id=\"df558ce\" data-element_type=\"widget\" data-e-type=\"widget\" data-widget_type=\"text-editor.default\">\n\t\t\t\t<div class=\"elementor-widget-container\">\n\t\t\t\t\t\t\t\t\t<h4 data-start=\"3695\" data-end=\"3739\"><strong data-start=\"3700\" data-end=\"3739\">Masaje Descontracturante \/ Ventosas<\/strong><\/h4><p data-start=\"3740\" data-end=\"4007\">El <strong data-start=\"3743\" data-end=\"3771\">masaje descontracturante<\/strong> se enfoca en aliviar las tensiones musculares profundas y las contracturas. Las <strong data-start=\"3852\" data-end=\"3864\">ventosas<\/strong> se utilizan para mejorar la circulaci\u00f3n y liberar tensiones en zonas espec\u00edficas del cuerpo, proporcionando una sensaci\u00f3n de alivio inmediato.<\/p>\t\t\t\t\t\t\t\t<\/div>\n\t\t\t\t<\/div>\n\t\t\t\t<\/div>\n\t\t<div class=\"elementor-element elementor-element-6007751 e-con-full e-flex e-con e-child\" data-id=\"6007751\" data-element_type=\"container\" data-e-type=\"container\">\n\t\t\t\t<div class=\"elementor-element elementor-element-ef7c1aa elementor-widget elementor-widget-text-editor\" data-id=\"ef7c1aa\" data-element_type=\"widget\" data-e-type=\"widget\" data-widget_type=\"text-editor.default\">\n\t\t\t\t<div class=\"elementor-widget-container\">\n\t\t\t\t\t\t\t\t\t<p data-start=\"4009\" data-end=\"4024\"><strong data-start=\"4009\" data-end=\"4024\">Beneficios:<\/strong><\/p><ul><li data-start=\"4027\" data-end=\"4060\">Alivio de contracturas musculares<\/li><li data-start=\"4063\" data-end=\"4097\">Mejora de la circulaci\u00f3n sangu\u00ednea<\/li><li data-start=\"4100\" data-end=\"4122\">Reducci\u00f3n de tensiones<\/li><\/ul>\t\t\t\t\t\t\t\t<\/div>\n\t\t\t\t<\/div>\n\t\t\t\t<\/div>\n\t\t\t\t<\/div>\n\t\t\t\t<\/div>\n\t\t<div class=\"elementor-element elementor-element-12a2126 e-con-full e-flex e-con e-child\" data-id=\"12a2126\" data-element_type=\"container\" data-e-type=\"container\">\n\t\t\t\t<div class=\"elementor-element elementor-element-460ef9f elementor-widget elementor-widget-image\" data-id=\"460ef9f\" data-element_type=\"widget\" data-e-type=\"widget\" data-widget_type=\"image.default\">\n\t\t\t\t<div class=\"elementor-widget-container\">\n\t\t\t\t\t\t\t\t\t\t\t\t\t\t\t\t<a href=\"https:\/\/venalfisio.com\/wp-content\/uploads\/2025\/10\/PRESOTERAPIA.jpg\" data-elementor-open-lightbox=\"yes\" data-elementor-lightbox-title=\"PRESOTERAPIA\" data-e-action-hash=\"#elementor-action%3Aaction%3Dlightbox%26settings%3DeyJpZCI6MTgwOCwidXJsIjoiaHR0cHM6XC9cL3ZlbmFsZmlzaW8uY29tXC93cC1jb250ZW50XC91cGxvYWRzXC8yMDI1XC8xMFwvUFJFU09URVJBUElBLmpwZyJ9\">\n\t\t\t\t\t\t\t<img loading=\"lazy\" decoding=\"async\" width=\"800\" height=\"800\" src=\"https:\/\/venalfisio.com\/wp-content\/uploads\/2025\/10\/PRESOTERAPIA-1024x1024.jpg\" class=\"attachment-large size-large wp-image-1808\" alt=\"\" srcset=\"https:\/\/venalfisio.com\/wp-content\/uploads\/2025\/10\/PRESOTERAPIA-1024x1024.jpg 1024w, https:\/\/venalfisio.com\/wp-content\/uploads\/2025\/10\/PRESOTERAPIA-300x300.jpg 300w, https:\/\/venalfisio.com\/wp-content\/uploads\/2025\/10\/PRESOTERAPIA-150x150.jpg 150w, https:\/\/venalfisio.com\/wp-content\/uploads\/2025\/10\/PRESOTERAPIA-768x768.jpg 768w, https:\/\/venalfisio.com\/wp-content\/uploads\/2025\/10\/PRESOTERAPIA-1536x1536.jpg 1536w, https:\/\/venalfisio.com\/wp-content\/uploads\/2025\/10\/PRESOTERAPIA-12x12.jpg 12w, https:\/\/venalfisio.com\/wp-content\/uploads\/2025\/10\/PRESOTERAPIA.jpg 1920w\" sizes=\"(max-width: 800px) 100vw, 800px\" title=\"\">\t\t\t\t\t\t\t\t<\/a>\n\t\t\t\t\t\t\t\t\t\t\t\t\t\t\t<\/div>\n\t\t\t\t<\/div>\n\t\t<div class=\"elementor-element elementor-element-a422b3e e-con-full e-flex e-con e-child\" data-id=\"a422b3e\" data-element_type=\"container\" data-e-type=\"container\" data-settings=\"{&quot;background_background&quot;:&quot;classic&quot;}\">\n\t\t<div class=\"elementor-element elementor-element-8acb05c e-con-full e-flex e-con e-child\" data-id=\"8acb05c\" data-element_type=\"container\" data-e-type=\"container\">\n\t\t\t\t<div class=\"elementor-element elementor-element-62b3337 elementor-widget elementor-widget-text-editor\" data-id=\"62b3337\" data-element_type=\"widget\" data-e-type=\"widget\" data-widget_type=\"text-editor.default\">\n\t\t\t\t<div class=\"elementor-widget-container\">\n\t\t\t\t\t\t\t\t\t<h4 data-start=\"2277\" data-end=\"2298\"><strong data-start=\"2282\" data-end=\"2298\">Presoterapia<\/strong><\/h4><p data-start=\"2299\" data-end=\"2541\">La <strong data-start=\"2302\" data-end=\"2318\">presoterapia<\/strong> es un tratamiento que utiliza compresi\u00f3n de aire para mejorar la circulaci\u00f3n y eliminar toxinas del cuerpo. Es especialmente \u00fatil para reducir la retenci\u00f3n de l\u00edquidos, la celulitis y mejorar la circulaci\u00f3n en las piernas.<\/p>\t\t\t\t\t\t\t\t<\/div>\n\t\t\t\t<\/div>\n\t\t<div class=\"elementor-element elementor-element-0c6983c e-con-full e-flex e-con e-child\" data-id=\"0c6983c\" data-element_type=\"container\" data-e-type=\"container\">\n\t\t\t\t<div class=\"elementor-element elementor-element-bc9341a elementor-widget elementor-widget-text-editor\" data-id=\"bc9341a\" data-element_type=\"widget\" data-e-type=\"widget\" data-widget_type=\"text-editor.default\">\n\t\t\t\t<div class=\"elementor-widget-container\">\n\t\t\t\t\t\t\t\t\t<p data-start=\"2543\" data-end=\"2558\"><strong data-start=\"2543\" data-end=\"2558\">Beneficios:<\/strong><\/p><ul><li data-start=\"2561\" data-end=\"2586\">Reducci\u00f3n de la celulitis<\/li><li data-start=\"2589\" data-end=\"2610\">Mejora la circulaci\u00f3n<\/li><li>Alivio de la retenci\u00f3n de l\u00edquidos<\/li><\/ul>\t\t\t\t\t\t\t\t<\/div>\n\t\t\t\t<\/div>\n\t\t\t\t<\/div>\n\t\t\t\t<\/div>\n\t\t\t\t<\/div>\n\t\t\t\t<\/div>\n\t\t\t\t\t<\/div>\n\t\t\t\t<\/div>\n\t\t\t\t<\/div>","protected":false},"excerpt":{"rendered":"<p>Quiromasaje El quiromasaje es una t\u00e9cnica de masaje terap\u00e9utico que utiliza movimientos manuales para aliviar tensiones, mejorar la circulaci\u00f3n y proporcionar un estado de relajaci\u00f3n profunda. Masajes especializados que ofrecemos Masaje Relajante \/ Veloterapia \/ Piedras Calientes El masaje relajante se enfoca en reducir el estr\u00e9s y la ansiedad, utilizando movimientos suaves y fluidos para [&hellip;]<\/p>\n","protected":false},"author":2,"featured_media":0,"parent":0,"menu_order":0,"comment_status":"closed","ping_status":"closed","template":"","meta":{"_joinchat":[],"footnotes":""},"class_list":["post-1539","page","type-page","status-publish","hentry"],"_links":{"self":[{"href":"https:\/\/venalfisio.com\/en\/wp-json\/wp\/v2\/pages\/1539","targetHints":{"allow":["GET"]}}],"collection":[{"href":"https:\/\/venalfisio.com\/en\/wp-json\/wp\/v2\/pages"}],"about":[{"href":"https:\/\/venalfisio.com\/en\/wp-json\/wp\/v2\/types\/page"}],"author":[{"embeddable":true,"href":"https:\/\/venalfisio.com\/en\/wp-json\/wp\/v2\/users\/2"}],"replies":[{"embeddable":true,"href":"https:\/\/venalfisio.com\/en\/wp-json\/wp\/v2\/comments?post=1539"}],"version-history":[{"count":5,"href":"https:\/\/venalfisio.com\/en\/wp-json\/wp\/v2\/pages\/1539\/revisions"}],"predecessor-version":[{"id":1984,"href":"https:\/\/venalfisio.com\/en\/wp-json\/wp\/v2\/pages\/1539\/revisions\/1984"}],"wp:attachment":[{"href":"https:\/\/venalfisio.com\/en\/wp-json\/wp\/v2\/media?parent=1539"}],"curies":[{"name":"wp","href":"https:\/\/api.w.org\/{rel}","templated":true}]}}